{"id":384,"date":"2025-03-30T23:54:23","date_gmt":"2025-03-30T21:54:23","guid":{"rendered":"https:\/\/kanopee.eu\/pametlouchegalaxy\/?page_id=384"},"modified":"2025-12-17T20:53:07","modified_gmt":"2025-12-17T19:53:07","slug":"hub-2","status":"publish","type":"page","link":"https:\/\/kanopee.eu\/pametlouchegalaxy\/hub-2\/","title":{"rendered":"A propos"},"content":{"rendered":"\t\t<div data-elementor-type=\"wp-page\" data-elementor-id=\"384\" class=\"elementor elementor-384\">\n\t\t\t\t<div class=\"elementor-element elementor-element-2ec4e65 e-flex e-con-boxed wpr-particle-no wpr-jarallax-no wpr-parallax-no wpr-sticky-section-no e-con e-parent\" data-id=\"2ec4e65\" data-element_type=\"container\">\n\t\t\t\t\t<div class=\"e-con-inner\">\n\t\t\t\t<div class=\"elementor-element elementor-element-9211448 elementor-widget elementor-widget-text-editor\" data-id=\"9211448\" data-element_type=\"widget\" data-widget_type=\"text-editor.default\">\n\t\t\t\t<div class=\"elementor-widget-container\">\n\t\t\t\t\t\t\t\t\t<p>Pam&amp;Louche Galaxy<\/p>\t\t\t\t\t\t\t\t<\/div>\n\t\t\t\t<\/div>\n\t\t\t\t\t<\/div>\n\t\t\t\t<\/div>\n\t\t<div class=\"elementor-element elementor-element-ae7431b e-flex e-con-boxed wpr-particle-no wpr-jarallax-no wpr-parallax-no wpr-sticky-section-no e-con e-parent\" data-id=\"ae7431b\" data-element_type=\"container\">\n\t\t\t\t\t<div class=\"e-con-inner\">\n\t\t\t\t<div class=\"elementor-element elementor-element-0cd1a91 elementor-widget elementor-widget-heading\" data-id=\"0cd1a91\" data-element_type=\"widget\" data-widget_type=\"heading.default\">\n\t\t\t\t<div class=\"elementor-widget-container\">\n\t\t\t\t\t<h2 class=\"elementor-heading-title elementor-size-default\">\ud83c\udf89 Bienvenue dans notre monde \ud83c\udf89<\/h2>\t\t\t\t<\/div>\n\t\t\t\t<\/div>\n\t\t\t\t\t<\/div>\n\t\t\t\t<\/div>\n\t\t<div class=\"elementor-element elementor-element-edbed8a e-flex e-con-boxed wpr-particle-no wpr-jarallax-no wpr-parallax-no wpr-sticky-section-no e-con e-parent\" data-id=\"edbed8a\" data-element_type=\"container\">\n\t\t\t\t\t<div class=\"e-con-inner\">\n\t\t\t\t<div class=\"elementor-element elementor-element-40c85fb elementor-widget elementor-widget-spacer\" data-id=\"40c85fb\" data-element_type=\"widget\" data-widget_type=\"spacer.default\">\n\t\t\t\t<div class=\"elementor-widget-container\">\n\t\t\t\t\t\t\t<div class=\"elementor-spacer\">\n\t\t\t<div class=\"elementor-spacer-inner\"><\/div>\n\t\t<\/div>\n\t\t\t\t\t\t<\/div>\n\t\t\t\t<\/div>\n\t\t\t\t\t<\/div>\n\t\t\t\t<\/div>\n\t\t<div class=\"elementor-element elementor-element-0c06e46 e-flex e-con-boxed wpr-particle-no wpr-jarallax-no wpr-parallax-no wpr-sticky-section-no e-con e-parent\" data-id=\"0c06e46\" data-element_type=\"container\">\n\t\t\t\t\t<div class=\"e-con-inner\">\n\t\t<div class=\"elementor-element elementor-element-3fe65d0 e-con-full e-flex wpr-particle-no wpr-jarallax-no wpr-parallax-no wpr-sticky-section-no e-con e-child\" data-id=\"3fe65d0\" data-element_type=\"container\">\n\t\t\t\t<div class=\"elementor-element elementor-element-a9a5688 elementor-widget elementor-widget-spacer\" data-id=\"a9a5688\" data-element_type=\"widget\" data-widget_type=\"spacer.default\">\n\t\t\t\t<div class=\"elementor-widget-container\">\n\t\t\t\t\t\t\t<div class=\"elementor-spacer\">\n\t\t\t<div class=\"elementor-spacer-inner\"><\/div>\n\t\t<\/div>\n\t\t\t\t\t\t<\/div>\n\t\t\t\t<\/div>\n\t\t\t\t<div class=\"elementor-element elementor-element-d75ab89 elementor-widget elementor-widget-text-editor\" data-id=\"d75ab89\" data-element_type=\"widget\" data-widget_type=\"text-editor.default\">\n\t\t\t\t<div class=\"elementor-widget-container\">\n\t\t\t\t\t\t\t\t\t<p>Nous sommes Katia Grivot, Pascal Senicourt et David Neau, les 3 co-cr\u00e9ateurs de cet univers riche, dr\u00f4le et surprenant dans lequel vous venez d&rsquo;entrer.\u00a0<\/p><p>En 2019, nous avons fond\u00e9 l\u2019association cr\u00e9ative Kanop\u00e9e. Elle porte aujourd\u2019hui les diff\u00e9rents univers de la Pam&amp;Louche Galaxie (Les Minutes du Royaume, Pamela Target, etc.).<\/p><p>Les missions institutionnelles de Kanop\u00e9e (films, podcasts, projets de communication) alimentent un fonds d\u00e9di\u00e9 aux projets cr\u00e9atifs de l\u2019association.<\/p><div>\u00a0<\/div>\t\t\t\t\t\t\t\t<\/div>\n\t\t\t\t<\/div>\n\t\t\t\t<\/div>\n\t\t<div class=\"elementor-element elementor-element-a44deda e-con-full e-flex wpr-particle-no wpr-jarallax-no wpr-parallax-no wpr-sticky-section-no e-con e-child\" data-id=\"a44deda\" data-element_type=\"container\">\n\t\t\t\t<div class=\"elementor-element elementor-element-20824c5 elementor-widget elementor-widget-image\" data-id=\"20824c5\" data-element_type=\"widget\" data-widget_type=\"image.default\">\n\t\t\t\t<div class=\"elementor-widget-container\">\n\t\t\t\t\t\t\t\t\t\t\t\t\t\t\t<img fetchpriority=\"high\" decoding=\"async\" width=\"1024\" height=\"1024\" src=\"https:\/\/kanopee.eu\/pametlouchegalaxy\/wp-content\/uploads\/2025\/12\/trioKanopeeinseparable-1024x1024.jpg\" class=\"attachment-large size-large wp-image-661\" alt=\"photo des 3 creatuers de Kanopee\" srcset=\"https:\/\/kanopee.eu\/pametlouchegalaxy\/wp-content\/uploads\/2025\/12\/trioKanopeeinseparable-1024x1024.jpg 1024w, https:\/\/kanopee.eu\/pametlouchegalaxy\/wp-content\/uploads\/2025\/12\/trioKanopeeinseparable-300x300.jpg 300w, https:\/\/kanopee.eu\/pametlouchegalaxy\/wp-content\/uploads\/2025\/12\/trioKanopeeinseparable-150x150.jpg 150w, https:\/\/kanopee.eu\/pametlouchegalaxy\/wp-content\/uploads\/2025\/12\/trioKanopeeinseparable-768x768.jpg 768w, https:\/\/kanopee.eu\/pametlouchegalaxy\/wp-content\/uploads\/2025\/12\/trioKanopeeinseparable-600x600.jpg 600w, https:\/\/kanopee.eu\/pametlouchegalaxy\/wp-content\/uploads\/2025\/12\/trioKanopeeinseparable-100x100.jpg 100w, https:\/\/kanopee.eu\/pametlouchegalaxy\/wp-content\/uploads\/2025\/12\/trioKanopeeinseparable.jpg 1200w\" sizes=\"(max-width: 1024px) 100vw, 1024px\" \/>\t\t\t\t\t\t\t\t\t\t\t\t\t\t\t<\/div>\n\t\t\t\t<\/div>\n\t\t\t\t<\/div>\n\t\t\t\t\t<\/div>\n\t\t\t\t<\/div>\n\t\t<div class=\"elementor-element elementor-element-af4b642 e-flex e-con-boxed wpr-particle-no wpr-jarallax-no wpr-parallax-no wpr-sticky-section-no e-con e-parent\" data-id=\"af4b642\" data-element_type=\"container\">\n\t\t\t\t\t<div class=\"e-con-inner\">\n\t\t\t\t<div class=\"elementor-element elementor-element-2fc5fb2 elementor-widget elementor-widget-image\" data-id=\"2fc5fb2\" data-element_type=\"widget\" data-widget_type=\"image.default\">\n\t\t\t\t<div class=\"elementor-widget-container\">\n\t\t\t\t\t\t\t\t\t\t\t\t\t\t\t<img decoding=\"async\" width=\"640\" height=\"360\" src=\"https:\/\/kanopee.eu\/pametlouchegalaxy\/wp-content\/uploads\/2025\/03\/le-journalchaotcrea-5-Moyenne.png\" class=\"attachment-large size-large wp-image-402\" alt=\"les 3 co-createurs pamela target et Gardeins de la louche perdue\" srcset=\"https:\/\/kanopee.eu\/pametlouchegalaxy\/wp-content\/uploads\/2025\/03\/le-journalchaotcrea-5-Moyenne.png 640w, https:\/\/kanopee.eu\/pametlouchegalaxy\/wp-content\/uploads\/2025\/03\/le-journalchaotcrea-5-Moyenne-300x169.png 300w, https:\/\/kanopee.eu\/pametlouchegalaxy\/wp-content\/uploads\/2025\/03\/le-journalchaotcrea-5-Moyenne-600x338.png 600w\" sizes=\"(max-width: 640px) 100vw, 640px\" \/>\t\t\t\t\t\t\t\t\t\t\t\t\t\t\t<\/div>\n\t\t\t\t<\/div>\n\t\t\t\t\t<\/div>\n\t\t\t\t<\/div>\n\t\t<div class=\"elementor-element elementor-element-e05d505 e-flex e-con-boxed wpr-particle-no wpr-jarallax-no wpr-parallax-no wpr-sticky-section-no e-con e-parent\" data-id=\"e05d505\" data-element_type=\"container\" data-settings=\"{&quot;background_background&quot;:&quot;classic&quot;}\">\n\t\t\t\t\t<div class=\"e-con-inner\">\n\t\t<div class=\"elementor-element elementor-element-a875019 e-con-full e-flex wpr-particle-no wpr-jarallax-no wpr-parallax-no wpr-sticky-section-no e-con e-child\" data-id=\"a875019\" data-element_type=\"container\">\n\t\t\t\t<div class=\"elementor-element elementor-element-96f1b0d elementor-widget elementor-widget-html\" data-id=\"96f1b0d\" data-element_type=\"widget\" data-widget_type=\"html.default\">\n\t\t\t\t<div class=\"elementor-widget-container\">\n\t\t\t\t\t<!-- Formulaire de contact Pam&Louche Galaxy -->\n<style>\n  .hub-contact-form {\n    background-color: rgba(12, 16, 37, 0);\n    border-radius: 10px;\n    padding: 20px;\n    max-width: 500px;\n    color: white;\n    font-family: 'Exo 2', sans-serif;\n  }\n  .hub-contact-form h2 {\n    margin-bottom: 15px;\n    font-weight: bold;\n    color: #f0b642;\n  }\n<\/style>\n\n<div class=\"hub-contact-form\">\n  <h2>Contactez-nous \ud83d\ude80<\/h2>\n  <p>Vous avez des questions, des commentaires ? N'h\u00e9sitez pas. Ecrivez-nous !<\/p>\n  <div class='fluentform ff-default fluentform_wrapper_1 ffs_default_wrap'><form data-form_id=\"1\" id=\"fluentform_1\" class=\"frm-fluent-form fluent_form_1 ff-el-form-top ff_form_instance_1_1 ff-form-loading ffs_default\" data-form_instance=\"ff_form_instance_1_1\" method=\"POST\" ><fieldset  style=\"border: none!important;margin: 0!important;padding: 0!important;background-color: transparent!important;box-shadow: none!important;outline: none!important; min-inline-size: 100%;\">\n                    <legend class=\"ff_screen_reader_title\" style=\"display: block; margin: 0!important;padding: 0!important;height: 0!important;text-indent: -999999px;width: 0!important;overflow:hidden;\">Formulaire de Contact<\/legend><p style=\"display: none !important;\" class=\"akismet-fields-container\" data-prefix=\"ak_\"><label>&#916;<textarea name=\"ak_hp_textarea\" cols=\"45\" rows=\"8\" maxlength=\"100\"><\/textarea><\/label><input type=\"hidden\" id=\"ak_js_1\" name=\"ak_js\" value=\"180\"\/><script>document.getElementById( \"ak_js_1\" ).setAttribute( \"value\", ( new Date() ).getTime() );<\/script><\/p><input type='hidden' name='__fluent_form_embded_post_id' value='384' \/><input type=\"hidden\" id=\"_fluentform_1_fluentformnonce\" name=\"_fluentform_1_fluentformnonce\" value=\"e6d81c2f32\" \/><input type=\"hidden\" name=\"_wp_http_referer\" value=\"\/pametlouchegalaxy\/wp-json\/wp\/v2\/pages\/384\" \/><div data-type=\"name-element\" data-name=\"names_1\" class=\" ff-field_container ff-name-field-wrapper\" ><div class='ff-t-container'><div class='ff-t-cell '><div class='ff-el-group ff-el-form-top'><div class=\"ff-el-input--label asterisk-right\"><label for='ff_1_names_1_first_name_' id='label_ff_1_names_1_first_name_' >Pr\u00e9nom<\/label><\/div><div class='ff-el-input--content'><input type=\"text\" name=\"names_1[first_name]\" id=\"ff_1_names_1_first_name_\" class=\"ff-el-form-control\" placeholder=\"Saisissez votre pr\u00e9nom\" aria-invalid=\"false\" aria-required=false><\/div><\/div><\/div><div class='ff-t-cell '><div class='ff-el-group ff-el-form-top'><div class=\"ff-el-input--label asterisk-right\"><label for='ff_1_names_1_last_name_' id='label_ff_1_names_1_last_name_' >Nom de famille<\/label><\/div><div class='ff-el-input--content'><input type=\"text\" name=\"names_1[last_name]\" id=\"ff_1_names_1_last_name_\" class=\"ff-el-form-control\" placeholder=\"Saisissez votre nom de famille\" aria-invalid=\"false\" aria-required=false><\/div><\/div><\/div><\/div><\/div><div class='ff-el-group'><div class=\"ff-el-input--label ff-el-is-required asterisk-right\"><label for='ff_1_email' id='label_ff_1_email' aria-label=\"Email\">Email<\/label><\/div><div class='ff-el-input--content'><input type=\"email\" name=\"email\" id=\"ff_1_email\" class=\"ff-el-form-control\" placeholder=\"Email Address\" data-name=\"email\"  aria-invalid=\"false\" aria-required=true><\/div><\/div><div class='ff-el-group'><div class=\"ff-el-input--label asterisk-right\"><label for='ff_1_subject' id='label_ff_1_subject' aria-label=\"Sujet\">Sujet<\/label><\/div><div class='ff-el-input--content'><input type=\"text\" name=\"subject\" class=\"ff-el-form-control\" placeholder=\"Subject\" data-name=\"subject\" id=\"ff_1_subject\"  aria-invalid=\"false\" aria-required=false><\/div><\/div><div class='ff-el-group'><div class=\"ff-el-input--label ff-el-is-required asterisk-right\"><label for='ff_1_message' id='label_ff_1_message' aria-label=\"Votre message\">Votre message<\/label><\/div><div class='ff-el-input--content'><textarea aria-required=\"true\" aria-labelledby=\"label_ff_1_message\" name=\"message\" id=\"ff_1_message\" class=\"ff-el-form-control\" placeholder=\"Your Message\" rows=\"4\" cols=\"2\" data-name=\"message\" ><\/textarea><\/div><\/div><div class='ff-el-group ff-text-center ff_submit_btn_wrapper'><button type=\"submit\" class=\"ff-btn ff-btn-submit ff-btn-md ff_btn_style wpf_has_custom_css\"  aria-label=\"Envoyer\">Envoyer<\/button><\/div><\/fieldset><\/form><div id='fluentform_1_errors' class='ff-errors-in-stack ff_form_instance_1_1 ff-form-loading_errors ff_form_instance_1_1_errors'><\/div><\/div>            <script type=\"text\/javascript\">\n                window.fluent_form_ff_form_instance_1_1 = {\"id\":\"1\",\"settings\":{\"layout\":{\"labelPlacement\":\"top\",\"helpMessagePlacement\":\"with_label\",\"errorMessagePlacement\":\"inline\",\"cssClassName\":\"\",\"asteriskPlacement\":\"asterisk-right\"},\"restrictions\":{\"denyEmptySubmission\":{\"enabled\":false}}},\"form_instance\":\"ff_form_instance_1_1\",\"form_id_selector\":\"fluentform_1\",\"rules\":{\"names_1[first_name]\":{\"required\":{\"value\":false,\"message\":\"Ce champ est obligatoire\",\"global_message\":\"Ce champ est obligatoire\",\"global\":true}},\"names_1[middle_name]\":{\"required\":{\"value\":false,\"message\":\"Ce champ est obligatoire\",\"global_message\":\"Ce champ est obligatoire\",\"global\":true}},\"names_1[last_name]\":{\"required\":{\"value\":false,\"message\":\"Ce champ est obligatoire\",\"global_message\":\"Ce champ est obligatoire\",\"global\":true}},\"email\":{\"required\":{\"value\":true,\"message\":\"This field is required\",\"global\":false,\"global_message\":\"Ce champ est obligatoire\"},\"email\":{\"value\":true,\"message\":\"This field must contain a valid email\",\"global\":false,\"global_message\":\"Ce champ doit contenir un e-mail valide\"}},\"subject\":{\"required\":{\"value\":false,\"message\":\"This field is required\",\"global\":false,\"global_message\":\"Ce champ est obligatoire\"}},\"message\":{\"required\":{\"value\":true,\"message\":\"This field is required\",\"global\":false,\"global_message\":\"Ce champ est obligatoire\"}}},\"debounce_time\":300};\n                            <\/script>\n            \n<\/div>\n\t\t\t\t<\/div>\n\t\t\t\t<\/div>\n\t\t\t\t<\/div>\n\t\t\t\t\t<\/div>\n\t\t\t\t<\/div>\n\t\t\t\t<\/div>\n\t\t","protected":false},"excerpt":{"rendered":"<p>Pam&amp;Louche Galaxy \ud83c\udf89 Bienvenue dans notre monde \ud83c\udf89 Nous sommes Katia Grivot, Pascal Senicourt et David Neau, les 3 co-cr\u00e9ateurs de cet univers riche, dr\u00f4le et surprenant dans lequel vous venez d&rsquo;entrer.\u00a0 En 2019, nous avons fond\u00e9 l\u2019association cr\u00e9ative Kanop\u00e9e. Elle porte aujourd\u2019hui les diff\u00e9rents univers de la Pam&amp;Louche Galaxie (Les Minutes du Royaume, Pamela Target, etc.). Les missions institutionnelles de Kanop\u00e9e (films, podcasts, projets de communication) alimentent un fonds d\u00e9di\u00e9 aux projets cr\u00e9atifs de l\u2019association. \u00a0 Contactez-nous \ud83d\ude80 Vous avez des questions, des commentaires ? N&rsquo;h\u00e9sitez pas. Ecrivez-nous !<\/p>\n","protected":false},"author":1,"featured_media":0,"parent":0,"menu_order":0,"comment_status":"closed","ping_status":"closed","template":"","meta":{"footnotes":""},"class_list":["post-384","page","type-page","status-publish","hentry"],"blocksy_meta":[],"_links":{"self":[{"href":"https:\/\/kanopee.eu\/pametlouchegalaxy\/wp-json\/wp\/v2\/pages\/384","targetHints":{"allow":["GET"]}}],"collection":[{"href":"https:\/\/kanopee.eu\/pametlouchegalaxy\/wp-json\/wp\/v2\/pages"}],"about":[{"href":"https:\/\/kanopee.eu\/pametlouchegalaxy\/wp-json\/wp\/v2\/types\/page"}],"author":[{"embeddable":true,"href":"https:\/\/kanopee.eu\/pametlouchegalaxy\/wp-json\/wp\/v2\/users\/1"}],"replies":[{"embeddable":true,"href":"https:\/\/kanopee.eu\/pametlouchegalaxy\/wp-json\/wp\/v2\/comments?post=384"}],"version-history":[{"count":49,"href":"https:\/\/kanopee.eu\/pametlouchegalaxy\/wp-json\/wp\/v2\/pages\/384\/revisions"}],"predecessor-version":[{"id":664,"href":"https:\/\/kanopee.eu\/pametlouchegalaxy\/wp-json\/wp\/v2\/pages\/384\/revisions\/664"}],"wp:attachment":[{"href":"https:\/\/kanopee.eu\/pametlouchegalaxy\/wp-json\/wp\/v2\/media?parent=384"}],"curies":[{"name":"wp","href":"https:\/\/api.w.org\/{rel}","templated":true}]}}